{"id":137,"date":"2019-04-22T17:18:55","date_gmt":"2019-04-22T15:18:55","guid":{"rendered":"https:\/\/yogapoitiersalentours.fr\/?page_id=137"},"modified":"2024-08-01T15:32:22","modified_gmt":"2024-08-01T13:32:22","slug":"galerie","status":"publish","type":"page","link":"https:\/\/yogapoitiersalentours.fr\/index.php\/galerie\/","title":{"rendered":"Galerie"},"content":{"rendered":"\n<figure class=\"wp-block-image size-full\"><img loading=\"lazy\" decoding=\"async\" width=\"800\" height=\"452\" src=\"https:\/\/yogapoitiersalentours.fr\/wp-content\/uploads\/2024\/08\/remise-diplome-Shakti-juin-2024.png\" alt=\"\" class=\"wp-image-601\" srcset=\"https:\/\/yogapoitiersalentours.fr\/wp-content\/uploads\/2024\/08\/remise-diplome-Shakti-juin-2024.png 800w, https:\/\/yogapoitiersalentours.fr\/wp-content\/uploads\/2024\/08\/remise-diplome-Shakti-juin-2024-300x170.png 300w, https:\/\/yogapoitiersalentours.fr\/wp-content\/uploads\/2024\/08\/remise-diplome-Shakti-juin-2024-768x434.png 768w\" sizes=\"(max-width: 800px) 100vw, 800px\" \/><\/figure>\n\n\n\n<figure class=\"wp-block-image size-large\"><img loading=\"lazy\" decoding=\"async\" width=\"600\" height=\"1024\" src=\"https:\/\/yogapoitiersalentours.fr\/wp-content\/uploads\/2024\/08\/PHOTO-REMISE-DIPLOME-YOGAMRITA-JUIN-2024-600x1024.jpg\" alt=\"\" class=\"wp-image-599\" srcset=\"https:\/\/yogapoitiersalentours.fr\/wp-content\/uploads\/2024\/08\/PHOTO-REMISE-DIPLOME-YOGAMRITA-JUIN-2024-600x1024.jpg 600w, https:\/\/yogapoitiersalentours.fr\/wp-content\/uploads\/2024\/08\/PHOTO-REMISE-DIPLOME-YOGAMRITA-JUIN-2024-176x300.jpg 176w, https:\/\/yogapoitiersalentours.fr\/wp-content\/uploads\/2024\/08\/PHOTO-REMISE-DIPLOME-YOGAMRITA-JUIN-2024.jpg 745w\" sizes=\"(max-width: 600px) 100vw, 600px\" \/><\/figure>\n\n\n\n<figure class=\"wp-block-image size-large\"><img loading=\"lazy\" decoding=\"async\" width=\"1024\" height=\"744\" src=\"https:\/\/yogapoitiersalentours.fr\/wp-content\/uploads\/2024\/08\/IDYT-Dr-Lionel-COUDRON-NOV-2022-1-1024x744.png\" alt=\"\" class=\"wp-image-596\" srcset=\"https:\/\/yogapoitiersalentours.fr\/wp-content\/uploads\/2024\/08\/IDYT-Dr-Lionel-COUDRON-NOV-2022-1-1024x744.png 1024w, https:\/\/yogapoitiersalentours.fr\/wp-content\/uploads\/2024\/08\/IDYT-Dr-Lionel-COUDRON-NOV-2022-1-300x218.png 300w, https:\/\/yogapoitiersalentours.fr\/wp-content\/uploads\/2024\/08\/IDYT-Dr-Lionel-COUDRON-NOV-2022-1-768x558.png 768w, https:\/\/yogapoitiersalentours.fr\/wp-content\/uploads\/2024\/08\/IDYT-Dr-Lionel-COUDRON-NOV-2022-1-1536x1117.png 1536w, https:\/\/yogapoitiersalentours.fr\/wp-content\/uploads\/2024\/08\/IDYT-Dr-Lionel-COUDRON-NOV-2022-1-2048x1489.png 2048w\" sizes=\"(max-width: 1024px) 100vw, 1024px\" \/><\/figure>\n\n\n\n<figure class=\"wp-block-image size-large\"><img loading=\"lazy\" decoding=\"async\" width=\"1024\" height=\"725\" src=\"https:\/\/yogapoitiersalentours.fr\/wp-content\/uploads\/2024\/08\/Diplome-Yogamrita-juin-2023-1-1024x725.jpg\" alt=\"\" class=\"wp-image-593\" srcset=\"https:\/\/yogapoitiersalentours.fr\/wp-content\/uploads\/2024\/08\/Diplome-Yogamrita-juin-2023-1-1024x725.jpg 1024w, https:\/\/yogapoitiersalentours.fr\/wp-content\/uploads\/2024\/08\/Diplome-Yogamrita-juin-2023-1-300x212.jpg 300w, https:\/\/yogapoitiersalentours.fr\/wp-content\/uploads\/2024\/08\/Diplome-Yogamrita-juin-2023-1-768x544.jpg 768w, https:\/\/yogapoitiersalentours.fr\/wp-content\/uploads\/2024\/08\/Diplome-Yogamrita-juin-2023-1-1536x1087.jpg 1536w, https:\/\/yogapoitiersalentours.fr\/wp-content\/uploads\/2024\/08\/Diplome-Yogamrita-juin-2023-1-2048x1449.jpg 2048w\" sizes=\"(max-width: 1024px) 100vw, 1024px\" \/><\/figure>\n\n\n<\/p>\n<ul>\n<li>\n<figure><img decoding=\"async\" src=\"https:\/\/yogapoitiersalentours.fr\/wp-content\/uploads\/2019\/04\/IMG_20190222_090428-1024x768.jpg\" alt=\"\" data-id=\"154\" \/><\/p><figcaption>Vivier (Dr\u00f4me) 2019<\/figcaption><\/figure>\n<\/li>\n<\/ul>\n\n\n<\/p>\n<p>\n\n\n<figure><img loading=\"lazy\" decoding=\"async\" src=\"https:\/\/yogapoitiersalentours.fr\/wp-content\/uploads\/2019\/10\/IMG_1723-225x300.jpg\" alt=\"Remise dipl\u00f4me HYT\" width=\"225\" height=\"300\" \/>\n<figcaption>Dinah Rodrigues &#8211; mai 2015 &#8211; Aix en Provence &#8211; Remise dipl\u00f4me Hormon Yoga Th\u00e9rapie<\/figcaption>\n<\/figure>","protected":false},"excerpt":{"rendered":"<p>Vivier (Dr\u00f4me) 2019 Dinah Rodrigues &#8211; mai 2015 &#8211; Aix en Provence &#8211; Remise dipl\u00f4me Hormon Yoga Th\u00e9rapie<\/p>\n","protected":false},"author":1,"featured_media":0,"parent":0,"menu_order":0,"comment_status":"closed","ping_status":"closed","template":"","meta":{"footnotes":""},"_links":{"self":[{"href":"https:\/\/yogapoitiersalentours.fr\/index.php\/wp-json\/wp\/v2\/pages\/137"}],"collection":[{"href":"https:\/\/yogapoitiersalentours.fr\/index.php\/wp-json\/wp\/v2\/pages"}],"about":[{"href":"https:\/\/yogapoitiersalentours.fr\/index.php\/wp-json\/wp\/v2\/types\/page"}],"author":[{"embeddable":true,"href":"https:\/\/yogapoitiersalentours.fr\/index.php\/wp-json\/wp\/v2\/users\/1"}],"replies":[{"embeddable":true,"href":"https:\/\/yogapoitiersalentours.fr\/index.php\/wp-json\/wp\/v2\/comments?post=137"}],"version-history":[{"count":30,"href":"https:\/\/yogapoitiersalentours.fr\/index.php\/wp-json\/wp\/v2\/pages\/137\/revisions"}],"predecessor-version":[{"id":602,"href":"https:\/\/yogapoitiersalentours.fr\/index.php\/wp-json\/wp\/v2\/pages\/137\/revisions\/602"}],"wp:attachment":[{"href":"https:\/\/yogapoitiersalentours.fr\/index.php\/wp-json\/wp\/v2\/media?parent=137"}],"curies":[{"name":"wp","href":"https:\/\/api.w.org\/{rel}","templated":true}]}}