{"id":17,"date":"2018-06-28T23:12:54","date_gmt":"2018-06-28T21:12:54","guid":{"rendered":"http:\/\/yogapoitiersalentours.fr\/?page_id=17"},"modified":"2024-07-21T15:07:41","modified_gmt":"2024-07-21T13:07:41","slug":"accueil","status":"publish","type":"page","link":"https:\/\/yogapoitiersalentours.fr\/","title":{"rendered":"Accueil"},"content":{"rendered":"<h2>Nadine FORT<\/h2>\n<h2>06 32 89 39 65<\/h2>\n<h2>nadinefortyoga@gmail.com<\/h2>\n<hr \/>\n<h2>Pr\u00e9sentation:<\/h2>\n<p>Je d\u00e9couvre le yoga dans le cadre de pr\u00e9paration \u00e0 l&#8217;accouchement pour mon deuxi\u00e8me enfant en 1997. Depuis je ne cesse de pratiquer et d&#8217;approfondir mes connaissances dans ce domaine.<\/p>\n<p>Outre le fait de permettre d&#8217;assouplir le corps selon ses possibilit\u00e9s, le hatha yoga est un formidable outil qui permet d&#8217;apaiser et de contr\u00f4ler le mental.<\/p>\n<p>Ma formation initiale a d\u00e9but\u00e9 avec Maitre <b>Babacar KHANE. Il\u00a0<\/b> a fait une synth\u00e8se \u00e0 la fois du hatha yoga traditionnel de l&#8217;Inde, des postures et techniques utilis\u00e9es au yoga \u00e9gyptien et au Kung fu (interne) chinois. Je propose comme il me l&#8217;a enseign\u00e9 des cours de yoga qui permettent entre autres de redresser la colonne vert\u00e9brale afin de faire circuler l&#8217;\u00e9nergie. Gr\u00e2ce aux diff\u00e9rentes techniques de respiration (pranayama) et aux postures simples propos\u00e9es (asanas), cette pratique permet de se rel\u00e2cher physiquement et mentalement.<\/p>\n<p>Le yoga que j&#8217;enseigne s&#8217;adresse \u00e0 tous et ne demande aucune souplesse particuli\u00e8re.<\/p>\n<p>Form\u00e9e \u00e9galement aupr\u00e8s de <b>Dinah RODRIGUES,<\/b> \u00a0d&#8217;origine br\u00e9silienne, Dinah a mis au point une m\u00e9thode sp\u00e9cifique pour booster le syst\u00e8me endocrinien, pour favoriser la procr\u00e9ation et entre autres pour faire face aux d\u00e9sagr\u00e9ments de la p\u00e9riode pr\u00e9-m\u00e9nopause, m\u00e9nopause \u00e0 l &#8216;aide de postures et respirations sp\u00e9cifiques simples.<\/p>\n<p>Pour parfaire mon enseignement, je me suis form\u00e9e aupr\u00e8s de <b>Bernadette DE GASQUET<\/b> (&#8220;Bases et yoga sans D\u00e9g\u00e2ts&#8221;, &#8220;Encha\u00eenements et sangles&#8221;, &#8220;Strech yoga et Pince&#8221;, &#8220;YOGA SENIOR&#8221;). <\/p>\n<p>J&#8217;ai aussi particip\u00e9 aux formations avec le <b>RYE<\/b> (Recherche du Yoga dans l&#8217;\u00e9ducation).\u00a0<\/p>\n<p>Puis, je me suis form\u00e9e aupr\u00e8s de :<\/p>\n<ul style=\"list-style-type: disc;\">\n<li> <strong>Blandine CALAIS GERMAIN<\/strong> : &#8220;Anatomie pour le pranayama&#8221; et &#8220;Bras, \u00e9paule&#8221;. <\/li>\n<li><strong>Docteur Lionel COUDRON<\/strong>, en\u00a0 &#8220;Yogath\u00e9rapie&#8221; \u00a0qui s&#8217;adresse \u00e0 titre individuel \u00e0 la personne pour diff\u00e9rentes pathologies (Stress, angoisse, probl\u00e8mes de sommeil, Hypertension, Addiction, probl\u00e8mes de dos, sciatique, &#8230;)<\/li>\n<li> En\u00a0 janvier 2021 je d\u00e9bute une formation intitul\u00e9e Yoga et Ayurv\u00e9da avec <strong>Michelle LEFEVRE et Isabelle HERNANDEZ<\/strong> .<\/li>\n<\/ul>\n<p>Voir aussi la\u00a0 <a href=\" http:\/\/yogapoitiersalentours.fr\/index.php\/formation\/\">formation<\/a> j<\/p>\n<h2 hidden=\"hidden\">Nadine Fort Yoga<\/h2>\n<p hidden=\"hidden\">Nadine Fort Yoga, Nadine Fort, Nadine Fort, Nadine Fort, Nadine Fort, Nadine Fort, Yoga, yoga Poitiers alentours, Poitiers yoga, cours de yoga, cours de yoga, cours de yoga, Poitiers<\/p>\n","protected":false},"excerpt":{"rendered":"<p>Nadine FORT 06 32 89 39 65 nadinefortyoga@gmail.com Pr\u00e9sentation: Je d\u00e9couvre le yoga dans le cadre de pr\u00e9paration \u00e0 l&#8217;accouchement pour mon deuxi\u00e8me enfant en 1997. Depuis je ne cesse de pratiquer et d&#8217;approfondir mes connaissances dans ce domaine. Outre le fait de permettre d&#8217;assouplir le corps selon ses possibilit\u00e9s, le hatha yoga est un<br \/><a class=\"btn btn-tislider blog-readmore\" href=\"https:\/\/yogapoitiersalentours.fr\/\">Read More<\/a><\/p>\n","protected":false},"author":1,"featured_media":0,"parent":0,"menu_order":0,"comment_status":"closed","ping_status":"closed","template":"","meta":{"footnotes":""},"_links":{"self":[{"href":"https:\/\/yogapoitiersalentours.fr\/index.php\/wp-json\/wp\/v2\/pages\/17"}],"collection":[{"href":"https:\/\/yogapoitiersalentours.fr\/index.php\/wp-json\/wp\/v2\/pages"}],"about":[{"href":"https:\/\/yogapoitiersalentours.fr\/index.php\/wp-json\/wp\/v2\/types\/page"}],"author":[{"embeddable":true,"href":"https:\/\/yogapoitiersalentours.fr\/index.php\/wp-json\/wp\/v2\/users\/1"}],"replies":[{"embeddable":true,"href":"https:\/\/yogapoitiersalentours.fr\/index.php\/wp-json\/wp\/v2\/comments?post=17"}],"version-history":[{"count":45,"href":"https:\/\/yogapoitiersalentours.fr\/index.php\/wp-json\/wp\/v2\/pages\/17\/revisions"}],"predecessor-version":[{"id":424,"href":"https:\/\/yogapoitiersalentours.fr\/index.php\/wp-json\/wp\/v2\/pages\/17\/revisions\/424"}],"wp:attachment":[{"href":"https:\/\/yogapoitiersalentours.fr\/index.php\/wp-json\/wp\/v2\/media?parent=17"}],"curies":[{"name":"wp","href":"https:\/\/api.w.org\/{rel}","templated":true}]}}